{"id":2,"date":"2025-05-01T06:53:09","date_gmt":"2025-05-01T06:53:09","guid":{"rendered":"https:\/\/pirospont.hu\/?page_id=2"},"modified":"2026-03-11T16:39:52","modified_gmt":"2026-03-11T15:39:52","slug":"sample-page","status":"publish","type":"page","link":"https:\/\/pirospont.hu\/","title":{"rendered":"Pirospont Tanoda"},"content":{"rendered":"\n<p class=\"has-medium-font-size\">Szeretn\u00e9d, ha gyermeked sikeresen felv\u00e9telizne 4, 6 vagy 8 oszt\u00e1lyos gimn\u00e1ziumba? J\u00f3 lenne, ha nem okozna gondot sz\u00e1m\u00e1ra sem a sz\u00f6veg\u00e9rt\u00e9s, sem a matekp\u00e9ld\u00e1k? <\/p>\n\n\n\n<p class=\"has-medium-font-size\"><strong>Akkor j\u00f3 helyen vagy!<br>Miben tudok seg\u00edteni<\/strong>?<\/p>\n\n\n\n<p class=\"has-medium-font-size\">Felk\u00e9sz\u00edt\u00e9st v\u00e1llalok <strong>n\u00e9gy, hat- \u00e9s nyolcoszt\u00e1lyos gimn\u00e1ziumi felv\u00e9teli<\/strong>re, magyar nyelv \u00e9s irodalomb\u00f3l \u00e9s matematik\u00e1b\u00f3l.<\/p>\n\n\n\n<ul class=\"wp-block-list\">\n<li class=\"has-medium-font-size\">Rendszeres gyakorl\u00e1s kor\u00e1bbi felv\u00e9teli sorokkal \u00e9s azokhoz hasonl\u00f3 gyakorl\u00f3 feladatsorokkal<\/li>\n\n\n\n<li class=\"has-medium-font-size\">Logikai gondolkod\u00e1s, helyes\u00edr\u00e1s \u00e9s sz\u00f6veg\u00e9rt\u00e9s fejleszt\u00e9se<\/li>\n\n\n\n<li class=\"has-medium-font-size\">Szem\u00e9lyreszabott egy\u00e9ni \u00f3r\u00e1k<\/li>\n\n\n\n<li class=\"has-medium-font-size\">Seg\u00edts\u00e9g a vizsgahelyzetben sz\u00fcks\u00e9ges \u201csoft-skill\u201d-ek fejleszt\u00e9s\u00e9ben<\/li>\n<\/ul>\n\n\n\n<p><\/p>\n\n\n\n<p class=\"has-medium-font-size\"><strong>Helysz\u00edn:<\/strong> Budapest IV. ker\u00fclet szem\u00e9lyesen vagy online<br><strong>Id\u0151pont:<\/strong> megbesz\u00e9l\u00e9s szerint, jelentkez\u00e9s folyamatosan<\/p>\n\n\n\n<p class=\"has-medium-font-size\"><br><strong>Referencia: <\/strong>Els\u0151 tapasztalataimat saj\u00e1t gyermekeim felv\u00e9teli \u00e9s matek verseny felk\u00e9sz\u00edt\u00e9se sor\u00e1n szereztem. B\u00fcszke vagyok r\u00e1, hogy mindkett\u0151j\u00fcket sikeresen k\u00e9sz\u00edtettem fel a nyolcoszt\u00e1lyos felv\u00e9telire \u2013 mindketten bejutottak az orsz\u00e1g egyik legjobb gimn\u00e1zium\u00e1ba. Mindketten sz\u00e9p eredm\u00e9nyeket \u00e9rtek el megyei \u00e9s orsz\u00e1gos Zr\u00ednyi\/Bolyai versenyeken. A saj\u00e1t gyerekeimen k\u00edv\u00fcl, 2025-t\u0151l kezdve sz\u00e1mos tov\u00e1bbi gyereknek seg\u00edtettem \/ seg\u00edtek a felv\u00e9telire val\u00f3 felk\u00e9sz\u00fcl\u00e9sben.<\/p>\n\n\n\n<p class=\"has-medium-font-size\"><strong>A felv\u00e9teli kih\u00edv\u00e1sait \u00e9s buktat\u00f3it j\u00f3l ismerem, sz\u00fcl\u0151k\u00e9nt \u00e9s felk\u00e9sz\u00edt\u0151k\u00e9nt is szereztem tapasztalatot abban, mire van igaz\u00e1n sz\u00fcks\u00e9g a felk\u00e9sz\u00fcl\u00e9s sor\u00e1n.<\/strong><\/p>\n\n\n\n<p class=\"has-medium-font-size\"><strong><br>El\u00e9rhet\u0151s\u00e9gek:<\/strong><\/p>\n\n\n\n<p class=\"has-medium-font-size\">E-mail: pirosponttanoda@gmail.com<\/p>\n\n\n\n<p class=\"has-medium-font-size\">Tel.: +36 20 336 0675<\/p>\n\n\n\n<p class=\"has-small-font-size\"><\/p>\n\n\n\n<p><\/p>\n","protected":false},"excerpt":{"rendered":"<p>Szeretn\u00e9d, ha gyermeked sikeresen felv\u00e9telizne 4, 6 vagy 8 oszt\u00e1lyos gimn\u00e1ziumba? J\u00f3 lenne, ha nem okozna gondot sz\u00e1m\u00e1ra sem a sz\u00f6veg\u00e9rt\u00e9s, sem a matekp\u00e9ld\u00e1k? Akkor j\u00f3 helyen vagy!Miben tudok seg\u00edteni? Felk\u00e9sz\u00edt\u00e9st v\u00e1llalok n\u00e9gy, hat- \u00e9s nyolcoszt\u00e1lyos gimn\u00e1ziumi felv\u00e9telire, magyar nyelv [&hellip;]<\/p>\n","protected":false},"author":1,"featured_media":0,"parent":0,"menu_order":0,"comment_status":"closed","ping_status":"closed","template":"","meta":{"footnotes":""},"class_list":["post-2","page","type-page","status-publish","hentry"],"_links":{"self":[{"href":"https:\/\/pirospont.hu\/index.php?rest_route=\/wp\/v2\/pages\/2","targetHints":{"allow":["GET"]}}],"collection":[{"href":"https:\/\/pirospont.hu\/index.php?rest_route=\/wp\/v2\/pages"}],"about":[{"href":"https:\/\/pirospont.hu\/index.php?rest_route=\/wp\/v2\/types\/page"}],"author":[{"embeddable":true,"href":"https:\/\/pirospont.hu\/index.php?rest_route=\/wp\/v2\/users\/1"}],"replies":[{"embeddable":true,"href":"https:\/\/pirospont.hu\/index.php?rest_route=%2Fwp%2Fv2%2Fcomments&post=2"}],"version-history":[{"count":18,"href":"https:\/\/pirospont.hu\/index.php?rest_route=\/wp\/v2\/pages\/2\/revisions"}],"predecessor-version":[{"id":189,"href":"https:\/\/pirospont.hu\/index.php?rest_route=\/wp\/v2\/pages\/2\/revisions\/189"}],"wp:attachment":[{"href":"https:\/\/pirospont.hu\/index.php?rest_route=%2Fwp%2Fv2%2Fmedia&parent=2"}],"curies":[{"name":"wp","href":"https:\/\/api.w.org\/{rel}","templated":true}]}}