{"id":167,"date":"2026-02-06T13:09:09","date_gmt":"2026-02-06T12:09:09","guid":{"rendered":"https:\/\/pirospont.hu\/?page_id=167"},"modified":"2026-03-24T14:06:48","modified_gmt":"2026-03-24T13:06:48","slug":"gyakorlo-feladatok","status":"publish","type":"page","link":"https:\/\/pirospont.hu\/?page_id=167","title":{"rendered":"Gyakorl\u00f3 feladatok"},"content":{"rendered":"\n<p><strong>Gyakorl\u00f3 feladatok magyar nyelvb\u0151l:<\/strong><\/p>\n\n\n\n<p><a href=\"https:\/\/v0-j-and-ly-game.vercel.app\/\" target=\"_blank\" rel=\"noreferrer noopener\">J-LY gyakorl\u00f3<\/a><\/p>\n\n\n\n<p><a href=\"https:\/\/v0-spelling-practice-app-sable.vercel.app\/\" target=\"_blank\" rel=\"noreferrer noopener\">Neh\u00e9z szavak helyes\u00edr\u00e1sa <\/a><\/p>\n\n\n\n<p><a href=\"https:\/\/v0-spelling-practice-app-virid.vercel.app\" target=\"_blank\" rel=\"noreferrer noopener\">\u00dajabb helyes\u00edr\u00e1s gyakorl\u00f3<\/a><\/p>\n\n\n\n<p id=\"Gyakorl\u00f3-feladatok\"><a href=\"https:\/\/v0-proverb-quiz-generator.vercel.app\" target=\"_blank\" rel=\"noreferrer noopener\">K\u00f6zmond\u00e1s gyakorl\u00f3<\/a><\/p>\n\n\n\n<p><a href=\"https:\/\/v0-alphabetical-sorting-game-n1qpieuku.vercel.app\" target=\"_blank\" rel=\"noreferrer noopener\">Bet\u0171rendbe sorol\u00e1s gyakorl\u00f3<\/a><\/p>\n\n\n\n<p><strong>Matek gyakorl\u00f3 feladatok:<\/strong><\/p>\n\n\n\n<p><a href=\"https:\/\/v0-math-practice-website-zeta.vercel.app\" target=\"_blank\" rel=\"noreferrer noopener\">Matek alapm\u0171veletek gyakorl\u00f3<\/a><\/p>\n\n\n\n<p><a href=\"https:\/\/v0-multiplication-practice-program-two.vercel.app\/\" target=\"_blank\" rel=\"noreferrer noopener\">Szorz\u00f3t\u00e1bla gyakorl\u00f3<\/a><\/p>\n\n\n\n<p><\/p>\n\n\n\n<p><\/p>\n","protected":false},"excerpt":{"rendered":"<p>Gyakorl\u00f3 feladatok magyar nyelvb\u0151l: J-LY gyakorl\u00f3 Neh\u00e9z szavak helyes\u00edr\u00e1sa \u00dajabb helyes\u00edr\u00e1s gyakorl\u00f3 K\u00f6zmond\u00e1s gyakorl\u00f3 Bet\u0171rendbe sorol\u00e1s gyakorl\u00f3 Matek gyakorl\u00f3 feladatok: Matek alapm\u0171veletek gyakorl\u00f3 Szorz\u00f3t\u00e1bla gyakorl\u00f3<\/p>\n","protected":false},"author":1,"featured_media":0,"parent":0,"menu_order":0,"comment_status":"closed","ping_status":"closed","template":"","meta":{"footnotes":""},"class_list":["post-167","page","type-page","status-publish","hentry"],"_links":{"self":[{"href":"https:\/\/pirospont.hu\/index.php?rest_route=\/wp\/v2\/pages\/167","targetHints":{"allow":["GET"]}}],"collection":[{"href":"https:\/\/pirospont.hu\/index.php?rest_route=\/wp\/v2\/pages"}],"about":[{"href":"https:\/\/pirospont.hu\/index.php?rest_route=\/wp\/v2\/types\/page"}],"author":[{"embeddable":true,"href":"https:\/\/pirospont.hu\/index.php?rest_route=\/wp\/v2\/users\/1"}],"replies":[{"embeddable":true,"href":"https:\/\/pirospont.hu\/index.php?rest_route=%2Fwp%2Fv2%2Fcomments&post=167"}],"version-history":[{"count":14,"href":"https:\/\/pirospont.hu\/index.php?rest_route=\/wp\/v2\/pages\/167\/revisions"}],"predecessor-version":[{"id":193,"href":"https:\/\/pirospont.hu\/index.php?rest_route=\/wp\/v2\/pages\/167\/revisions\/193"}],"wp:attachment":[{"href":"https:\/\/pirospont.hu\/index.php?rest_route=%2Fwp%2Fv2%2Fmedia&parent=167"}],"curies":[{"name":"wp","href":"https:\/\/api.w.org\/{rel}","templated":true}]}}